{"id":21435,"date":"2024-04-18T19:54:32","date_gmt":"2024-04-18T17:54:32","guid":{"rendered":"https:\/\/dev.set-sail.fr\/mentions-legales\/"},"modified":"2025-01-27T18:30:21","modified_gmt":"2025-01-27T17:30:21","slug":"impressum","status":"publish","type":"page","link":"https:\/\/dev.set-sail.fr\/de\/impressum\/","title":{"rendered":"Impressum"},"content":{"rendered":"\t\t<div data-elementor-type=\"wp-page\" data-elementor-id=\"21435\" class=\"elementor elementor-21435 elementor-19707\">\n\t\t\t\t<div class=\"elementor-element elementor-element-7819dd07 e-flex e-con-boxed e-con e-parent\" data-id=\"7819dd07\" data-element_type=\"container\" data-settings=\"{&quot;background_background&quot;:&quot;classic&quot;}\">\n\t\t\t\t\t<div class=\"e-con-inner\">\n\t\t\t\t<div class=\"elementor-element elementor-element-6f587a85 elementor-widget elementor-widget-shortcode\" data-id=\"6f587a85\" data-element_type=\"widget\" data-widget_type=\"shortcode.default\">\n\t\t\t\t<div class=\"elementor-widget-container\">\n\t\t\t\t\t\t\t<div class=\"elementor-shortcode\">\t\t\t<!-- Flexy Breadcrumb -->\r\n\t\t\t<div class=\"fbc fbc-page\">\r\n\r\n\t\t\t\t<!-- Breadcrumb wrapper -->\r\n\t\t\t\t<div class=\"fbc-wrap\">\r\n\r\n\t\t\t\t\t<!-- Ordered list-->\r\n\t\t\t\t\t<ol class=\"fbc-items\" itemscope itemtype=\"https:\/\/schema.org\/BreadcrumbList\">\r\n\t\t\t\t\t\t            <li itemprop=\"itemListElement\" itemscope itemtype=\"https:\/\/schema.org\/ListItem\">\r\n                <span itemprop=\"name\">\r\n                    <!-- Home Link -->\r\n                    <a itemprop=\"item\" href=\"https:\/\/set-sail.fr\">\r\n                    \r\n                                                    <i class=\"fa fa-home\" aria-hidden=\"true\"><\/i>Accueil                    <\/a>\r\n                <\/span>\r\n                <meta itemprop=\"position\" content=\"1\" \/><!-- Meta Position-->\r\n             <\/li><li><span class=\"fbc-separator\">\/<\/span><\/li><li class=\"active\" itemprop=\"itemListElement\" itemscope itemtype=\"https:\/\/schema.org\/ListItem\"><span itemprop=\"name\" title=\"Impressum\">Impressum<\/span><meta itemprop=\"position\" content=\"2\" \/><\/li>\t\t\t\t\t<\/ol>\r\n\t\t\t\t\t<div class=\"clearfix\"><\/div>\r\n\t\t\t\t<\/div>\r\n\t\t\t<\/div>\r\n\t\t\t<\/div>\n\t\t\t\t\t\t<\/div>\n\t\t\t\t<\/div>\n\t\t\t\t<div class=\"elementor-element elementor-element-6f67b3f4 elementor-widget elementor-widget-uipro-heading\" data-id=\"6f67b3f4\" data-element_type=\"widget\" data-widget_type=\"uipro-heading.default\">\n\t\t\t\t<div class=\"elementor-widget-container\">\n\t\t\t\t\t<div class=\"templaza-parallax templaza-widget-heading template-base\">    <div data-scroll  class=\"sc_heading uk-flex uk-flex-column uk-position-relative center \"><h1 class=\"title uk-h1 uk-margin-remove\"><span class=\"heading-highlighted-wrapper\"><span class=\"heading-plain-text\">Impressum<\/span><\/span><\/h1><\/div><\/div>\t\t\t\t<\/div>\n\t\t\t\t<\/div>\n\t\t\t\t\t<\/div>\n\t\t\t\t<\/div>\n\t\t<div class=\"elementor-element elementor-element-cde1139 e-flex e-con-boxed e-con e-parent\" data-id=\"cde1139\" data-element_type=\"container\">\n\t\t\t\t\t<div class=\"e-con-inner\">\n\t\t\t\t<div class=\"elementor-element elementor-element-d5a7d8d elementor-widget elementor-widget-uipro-uitext\" data-id=\"d5a7d8d\" data-element_type=\"widget\" data-widget_type=\"uipro-uitext.default\">\n\t\t\t\t<div class=\"elementor-widget-container\">\n\t\t\t\t\t<div class=\"templaza-parallax templaza-widget-uitext template-base\"><div class=\"ui-text\"><div class=\"ui-text-desc\"><p>Sie sind derzeit mit der offiziellen Website von Set Sail verbunden.<\/p><p>Die Website geh\u00f6rt der GT SAIL SARL.<br \/>15 Quai du Petit Rang 83000 TOULON<br \/>Telefon: 0980 400 377 \u2013 Fax: 01 77 57 87 54<br \/>Durch die Nutzung der Website erkennt der Nutzer an, dass er diese Bedingungen zur Kenntnis genommen hat und sie akzeptiert. Diese k\u00f6nnen jederzeit und ohne Vorank\u00fcndigung durch GT SAIL SARL ge\u00e4ndert werden. Au\u00dferdem erkennt der Nutzer an, dass die Website rund um die Uhr und sieben Tage die Woche zug\u00e4nglich ist, mit Ausnahme von F\u00e4llen h\u00f6herer Gewalt, Computerproblemen, Problemen im Zusammenhang mit der Struktur der Kommunikationsnetzwerke oder technischen Schwierigkeiten. Aus Wartungsgr\u00fcnden kann GT SAIL SARL die Website unterbrechen und wird sich bem\u00fchen, die Nutzer im Voraus zu informieren.<\/p><p>Verantwortlicher f\u00fcr die Ver\u00f6ffentlichung: Olivier Guillorit.<\/p><\/div><\/div><\/div>\t\t\t\t<\/div>\n\t\t\t\t<\/div>\n\t\t\t\t<div class=\"elementor-element elementor-element-5ba29a3 elementor-widget elementor-widget-uipro-uitext\" data-id=\"5ba29a3\" data-element_type=\"widget\" data-widget_type=\"uipro-uitext.default\">\n\t\t\t\t<div class=\"elementor-widget-container\">\n\t\t\t\t\t<div class=\"templaza-parallax templaza-widget-uitext template-base\"><div class=\"ui-text\"><h3 class=\"ui-text-title\">Erstellung der Website\n\n<\/h3><div class=\"ui-text-desc\"><p>Die Erstellung und Aktualisierung der Website erfolgt durch das Unternehmen Extesio.<br \/>Extesio SAS<br \/>Agoralink<br \/><br \/><a href=\"http:\/\/www.extesio.com\/\" target=\"_blank\" rel=\"noopener\">www.extesio.com<\/a> &#124; <a href=\"https:\/\/agoralink.fr\/\" target=\"_blank\" rel=\"noopener\">https:\/\/agoralink.fr\/<\/a><\/p><\/div><\/div><\/div>\t\t\t\t<\/div>\n\t\t\t\t<\/div>\n\t\t\t\t<div class=\"elementor-element elementor-element-7e30716 elementor-widget elementor-widget-uipro-uitext\" data-id=\"7e30716\" data-element_type=\"widget\" data-widget_type=\"uipro-uitext.default\">\n\t\t\t\t<div class=\"elementor-widget-container\">\n\t\t\t\t\t<div class=\"templaza-parallax templaza-widget-uitext template-base\"><div class=\"ui-text\"><h3 class=\"ui-text-title\">Hosting<\/h3><div class=\"ui-text-desc\"><p>Die Website wird auf den Servern des Unternehmens OVH SAS mit einem Kapital von 10 000 000 \u20ac gehostet.<br \/>RCS Roubaix \u2013 Tourcoing 424 761 419 00045<br \/>APE-Code 6202A<br \/>MwSt.-Nr.: FR 22 424 761 419<br \/>Hauptsitz: 2 rue Kellermann \u2013 59100 Roubaix \u2013 Frankreich<\/p><\/div><\/div><\/div>\t\t\t\t<\/div>\n\t\t\t\t<\/div>\n\t\t\t\t<div class=\"elementor-element elementor-element-bc8b88c elementor-widget elementor-widget-uipro-uitext\" data-id=\"bc8b88c\" data-element_type=\"widget\" data-widget_type=\"uipro-uitext.default\">\n\t\t\t\t<div class=\"elementor-widget-container\">\n\t\t\t\t\t<div class=\"templaza-parallax templaza-widget-uitext template-base\"><div class=\"ui-text\"><h3 class=\"ui-text-title\">Geistiges Eigentum<\/h3><div class=\"ui-text-desc\">Alle Inhalte auf dieser Website sind urheberrechtlich gesch\u00fctzt. Nur f\u00fcr den privaten Gebrauch. Jede Vervielf\u00e4ltigung bedarf der Zustimmung des Autors gem\u00e4\u00df Artikel L.122-4 des franz\u00f6sischen Gesetzes zum geistigen Eigentum. Die Darstellung und der Inhalt dieser Informationswebsite bilden zusammen ein Werk, das durch die geltenden Gesetze in Frankreich zum geistigen Eigentum gesch\u00fctzt ist. Eine Vervielf\u00e4ltigung oder Darstellung dieser Website, ganz oder teilweise, auf welchem Medium auch immer, darf ohne vorherige schriftliche Zustimmung des verantwortlichen Herausgebers nicht erfolgen. Sie k\u00f6nnen jedoch Seiten und\/oder Teile dieser Website ausschlie\u00dflich f\u00fcr pers\u00f6nliche Zwecke herunterladen oder ausdrucken, wobei die Urheberrechts- und geistigen Eigentumsrechte unver\u00e4ndert bleiben. Es ist nicht gestattet, Seiten zu vervielf\u00e4ltigen, Informationen von der Website herunterzuladen oder die SET SAIL-Website f\u00fcr kommerzielle Zwecke zu nutzen.<\/div><\/div><\/div>\t\t\t\t<\/div>\n\t\t\t\t<\/div>\n\t\t\t\t<div class=\"elementor-element elementor-element-0eda8a8 elementor-widget elementor-widget-uipro-uitext\" data-id=\"0eda8a8\" data-element_type=\"widget\" data-widget_type=\"uipro-uitext.default\">\n\t\t\t\t<div class=\"elementor-widget-container\">\n\t\t\t\t\t<div class=\"templaza-parallax templaza-widget-uitext template-base\"><div class=\"ui-text\"><h3 class=\"ui-text-title\">Verarbeitung personenbezogener Daten<\/h3><div class=\"ui-text-desc\">In \u00dcbereinstimmung mit dem Gesetz Nr. 78-17 vom 6. Januar 1978 (BOC, S. 4161; BOEM 160* und 722) zum Thema Informatik, Dateien und Freiheiten, erfolgt die Sammlung, Speicherung und Aufbewahrung von personenbezogenen Daten auf dieser Website im Rahmen einer automatisierten Meldung von personenbezogenen Daten bei der nationalen Datenschutzkommission (CNIL). Das Recht auf Zugang und Berichtigung, das in Artikel 34 und folgenden des genannten Gesetzes vorgesehen ist, kann durch das Senden einer E-Mail an den Webmaster unter team@set-sail.fr ausge\u00fcbt werden. CNIL-Deklaration Nr. 1061739. Die Erhebung personenbezogener Daten erfolgt, um zus\u00e4tzliche oder personalisierte Informationen \u00fcber Programme oder kommerzielle Angebote von Set Sail zu \u00fcbermitteln und\/oder die Online-Registrierung f\u00fcr diese Programme zu erm\u00f6glichen. Die gesammelten Informationen sind ausschlie\u00dflich f\u00fcr Set Sail bestimmt. Wir verbieten grunds\u00e4tzlich die Verwendung von Methoden zur Identifizierung oder Erstellung von Nutzerprofilen unserer Website.<\/div><\/div><\/div>\t\t\t\t<\/div>\n\t\t\t\t<\/div>\n\t\t\t\t<div class=\"elementor-element elementor-element-c65020d elementor-widget elementor-widget-uipro-uitext\" data-id=\"c65020d\" data-element_type=\"widget\" data-widget_type=\"uipro-uitext.default\">\n\t\t\t\t<div class=\"elementor-widget-container\">\n\t\t\t\t\t<div class=\"templaza-parallax templaza-widget-uitext template-base\"><div class=\"ui-text\"><h3 class=\"ui-text-title\">Cookies<\/h3><div class=\"ui-text-desc\">Der Nutzer wird darauf hingewiesen, dass bei seinen Besuchen auf der Website automatisch ein Cookie auf seinem Browser installiert werden kann. Ein Cookie ist ein Datenblock, der es nicht erm\u00f6glicht, den Nutzer zu identifizieren, sondern dazu dient, Informationen \u00fcber seine Navigation auf der Website zu speichern. Die Einstellungen des Browsers erm\u00f6glichen es, den Cookie anzuzeigen und gegebenenfalls abzulehnen.<\/div><\/div><\/div>\t\t\t\t<\/div>\n\t\t\t\t<\/div>\n\t\t\t\t\t<\/div>\n\t\t\t\t<\/div>\n\t\t\t\t<\/div>\n\t\t","protected":false},"excerpt":{"rendered":"<p>Impressum Sie sind derzeit mit der offiziellen Website von Set Sail verbunden. Die Website geh\u00f6rt der GT SAIL SARL.15 Quai du Petit Rang 83000 TOULONTelefon: 0980 400 377 \u2013 Fax: 01 77 57 87 54Durch die Nutzung der Website erkennt der Nutzer an, dass er diese Bedingungen zur Kenntnis genommen hat und sie akzeptiert. Diese&hellip; <a class=\"more-link\" href=\"https:\/\/dev.set-sail.fr\/de\/impressum\/\">Continue reading <span class=\"screen-reader-text\">Impressum<\/span><\/a><\/p>\n","protected":false},"author":1,"featured_media":0,"parent":0,"menu_order":0,"comment_status":"closed","ping_status":"closed","template":"","meta":{"_acf_changed":false,"inline_featured_image":false,"footnotes":""},"class_list":["post-21435","page","type-page","status-publish","hentry"],"acf":[],"yoast_head":"<!-- This site is optimized with the Yoast SEO plugin v25.8 - https:\/\/yoast.com\/wordpress\/plugins\/seo\/ -->\n<title>Impressum - Set Sail<\/title>\n<meta name=\"robots\" content=\"noindex, follow, max-snippet:-1, max-image-preview:large, max-video-preview:-1\" \/>\n<meta property=\"og:locale\" content=\"de_DE\" \/>\n<meta property=\"og:type\" content=\"article\" \/>\n<meta property=\"og:title\" content=\"Impressum - Set Sail\" \/>\n<meta property=\"og:description\" content=\"Impressum Sie sind derzeit mit der offiziellen Website von Set Sail verbunden. Die Website geh\u00f6rt der GT SAIL SARL.15 Quai du Petit Rang 83000 TOULONTelefon: 0980 400 377 \u2013 Fax: 01 77 57 87 54Durch die Nutzung der Website erkennt der Nutzer an, dass er diese Bedingungen zur Kenntnis genommen hat und sie akzeptiert. Diese&hellip; Continue reading Impressum\" \/>\n<meta property=\"og:url\" content=\"https:\/\/dev.set-sail.fr\/de\/impressum\/\" \/>\n<meta property=\"og:site_name\" content=\"Set Sail\" \/>\n<meta property=\"article:publisher\" content=\"https:\/\/www.facebook.com\/set.sail.france\/\" \/>\n<meta property=\"article:modified_time\" content=\"2025-01-27T17:30:21+00:00\" \/>\n<meta name=\"twitter:card\" content=\"summary_large_image\" \/>\n<meta name=\"twitter:site\" content=\"@set_sail_france\" \/>\n<meta name=\"twitter:label1\" content=\"Gesch\u00e4tzte Lesezeit\" \/>\n\t<meta name=\"twitter:data1\" content=\"3\u00a0Minuten\" \/>\n<script type=\"application\/ld+json\" class=\"yoast-schema-graph\">{\"@context\":\"https:\/\/schema.org\",\"@graph\":[{\"@type\":\"WebPage\",\"@id\":\"https:\/\/dev.set-sail.fr\/de\/impressum\/\",\"url\":\"https:\/\/dev.set-sail.fr\/de\/impressum\/\",\"name\":\"Impressum - Set Sail\",\"isPartOf\":{\"@id\":\"https:\/\/dev.set-sail.fr\/de\/#website\"},\"datePublished\":\"2024-04-18T17:54:32+00:00\",\"dateModified\":\"2025-01-27T17:30:21+00:00\",\"breadcrumb\":{\"@id\":\"https:\/\/dev.set-sail.fr\/de\/impressum\/#breadcrumb\"},\"inLanguage\":\"de\",\"potentialAction\":[{\"@type\":\"ReadAction\",\"target\":[\"https:\/\/dev.set-sail.fr\/de\/impressum\/\"]}]},{\"@type\":\"BreadcrumbList\",\"@id\":\"https:\/\/dev.set-sail.fr\/de\/impressum\/#breadcrumb\",\"itemListElement\":[{\"@type\":\"ListItem\",\"position\":1,\"name\":\"Accueil\",\"item\":\"https:\/\/dev.set-sail.fr\/de\/\"},{\"@type\":\"ListItem\",\"position\":2,\"name\":\"Impressum\"}]},{\"@type\":\"WebSite\",\"@id\":\"https:\/\/dev.set-sail.fr\/de\/#website\",\"url\":\"https:\/\/dev.set-sail.fr\/de\/\",\"name\":\"Set Sail\",\"description\":\"Mettons les voiles ensemble - Gestion\/Location Bateau sur le bassin M\u00e9diterran\u00e9en - Toulon - La Seyne-sur-Mer - Saint Mandrier - Porquerolles\",\"publisher\":{\"@id\":\"https:\/\/dev.set-sail.fr\/de\/#organization\"},\"potentialAction\":[{\"@type\":\"SearchAction\",\"target\":{\"@type\":\"EntryPoint\",\"urlTemplate\":\"https:\/\/dev.set-sail.fr\/de\/?s={search_term_string}\"},\"query-input\":{\"@type\":\"PropertyValueSpecification\",\"valueRequired\":true,\"valueName\":\"search_term_string\"}}],\"inLanguage\":\"de\"},{\"@type\":\"Organization\",\"@id\":\"https:\/\/dev.set-sail.fr\/de\/#organization\",\"name\":\"Set Sail\",\"url\":\"https:\/\/dev.set-sail.fr\/de\/\",\"logo\":{\"@type\":\"ImageObject\",\"inLanguage\":\"de\",\"@id\":\"https:\/\/dev.set-sail.fr\/de\/#\/schema\/logo\/image\/\",\"url\":\"https:\/\/set-sail.fr\/wp-content\/uploads\/2023\/02\/logo-bleu.png\",\"contentUrl\":\"https:\/\/set-sail.fr\/wp-content\/uploads\/2023\/02\/logo-bleu.png\",\"width\":657,\"height\":270,\"caption\":\"Set Sail\"},\"image\":{\"@id\":\"https:\/\/dev.set-sail.fr\/de\/#\/schema\/logo\/image\/\"},\"sameAs\":[\"https:\/\/www.facebook.com\/set.sail.france\/\",\"https:\/\/x.com\/set_sail_france\",\"https:\/\/www.instagram.com\/set_sail_france\/\"]}]}<\/script>\n<!-- \/ Yoast SEO plugin. -->","yoast_head_json":{"title":"Impressum - Set Sail","robots":{"index":"noindex","follow":"follow","max-snippet":"max-snippet:-1","max-image-preview":"max-image-preview:large","max-video-preview":"max-video-preview:-1"},"og_locale":"de_DE","og_type":"article","og_title":"Impressum - Set Sail","og_description":"Impressum Sie sind derzeit mit der offiziellen Website von Set Sail verbunden. Die Website geh\u00f6rt der GT SAIL SARL.15 Quai du Petit Rang 83000 TOULONTelefon: 0980 400 377 \u2013 Fax: 01 77 57 87 54Durch die Nutzung der Website erkennt der Nutzer an, dass er diese Bedingungen zur Kenntnis genommen hat und sie akzeptiert. Diese&hellip; Continue reading Impressum","og_url":"https:\/\/dev.set-sail.fr\/de\/impressum\/","og_site_name":"Set Sail","article_publisher":"https:\/\/www.facebook.com\/set.sail.france\/","article_modified_time":"2025-01-27T17:30:21+00:00","twitter_card":"summary_large_image","twitter_site":"@set_sail_france","twitter_misc":{"Gesch\u00e4tzte Lesezeit":"3\u00a0Minuten"},"schema":{"@context":"https:\/\/schema.org","@graph":[{"@type":"WebPage","@id":"https:\/\/dev.set-sail.fr\/de\/impressum\/","url":"https:\/\/dev.set-sail.fr\/de\/impressum\/","name":"Impressum - Set Sail","isPartOf":{"@id":"https:\/\/dev.set-sail.fr\/de\/#website"},"datePublished":"2024-04-18T17:54:32+00:00","dateModified":"2025-01-27T17:30:21+00:00","breadcrumb":{"@id":"https:\/\/dev.set-sail.fr\/de\/impressum\/#breadcrumb"},"inLanguage":"de","potentialAction":[{"@type":"ReadAction","target":["https:\/\/dev.set-sail.fr\/de\/impressum\/"]}]},{"@type":"BreadcrumbList","@id":"https:\/\/dev.set-sail.fr\/de\/impressum\/#breadcrumb","itemListElement":[{"@type":"ListItem","position":1,"name":"Accueil","item":"https:\/\/dev.set-sail.fr\/de\/"},{"@type":"ListItem","position":2,"name":"Impressum"}]},{"@type":"WebSite","@id":"https:\/\/dev.set-sail.fr\/de\/#website","url":"https:\/\/dev.set-sail.fr\/de\/","name":"Set Sail","description":"Mettons les voiles ensemble - Gestion\/Location Bateau sur le bassin M\u00e9diterran\u00e9en - Toulon - La Seyne-sur-Mer - Saint Mandrier - Porquerolles","publisher":{"@id":"https:\/\/dev.set-sail.fr\/de\/#organization"},"potentialAction":[{"@type":"SearchAction","target":{"@type":"EntryPoint","urlTemplate":"https:\/\/dev.set-sail.fr\/de\/?s={search_term_string}"},"query-input":{"@type":"PropertyValueSpecification","valueRequired":true,"valueName":"search_term_string"}}],"inLanguage":"de"},{"@type":"Organization","@id":"https:\/\/dev.set-sail.fr\/de\/#organization","name":"Set Sail","url":"https:\/\/dev.set-sail.fr\/de\/","logo":{"@type":"ImageObject","inLanguage":"de","@id":"https:\/\/dev.set-sail.fr\/de\/#\/schema\/logo\/image\/","url":"https:\/\/set-sail.fr\/wp-content\/uploads\/2023\/02\/logo-bleu.png","contentUrl":"https:\/\/set-sail.fr\/wp-content\/uploads\/2023\/02\/logo-bleu.png","width":657,"height":270,"caption":"Set Sail"},"image":{"@id":"https:\/\/dev.set-sail.fr\/de\/#\/schema\/logo\/image\/"},"sameAs":["https:\/\/www.facebook.com\/set.sail.france\/","https:\/\/x.com\/set_sail_france","https:\/\/www.instagram.com\/set_sail_france\/"]}]}},"_links":{"self":[{"href":"https:\/\/dev.set-sail.fr\/de\/wp-json\/wp\/v2\/pages\/21435","targetHints":{"allow":["GET"]}}],"collection":[{"href":"https:\/\/dev.set-sail.fr\/de\/wp-json\/wp\/v2\/pages"}],"about":[{"href":"https:\/\/dev.set-sail.fr\/de\/wp-json\/wp\/v2\/types\/page"}],"author":[{"embeddable":true,"href":"https:\/\/dev.set-sail.fr\/de\/wp-json\/wp\/v2\/users\/1"}],"replies":[{"embeddable":true,"href":"https:\/\/dev.set-sail.fr\/de\/wp-json\/wp\/v2\/comments?post=21435"}],"version-history":[{"count":7,"href":"https:\/\/dev.set-sail.fr\/de\/wp-json\/wp\/v2\/pages\/21435\/revisions"}],"predecessor-version":[{"id":22145,"href":"https:\/\/dev.set-sail.fr\/de\/wp-json\/wp\/v2\/pages\/21435\/revisions\/22145"}],"wp:attachment":[{"href":"https:\/\/dev.set-sail.fr\/de\/wp-json\/wp\/v2\/media?parent=21435"}],"curies":[{"name":"wp","href":"https:\/\/api.w.org\/{rel}","templated":true}]}}